{"id":456,"date":"2022-10-21T21:21:02","date_gmt":"2022-10-21T21:21:02","guid":{"rendered":"https:\/\/sadokabdelaziz.com\/?page_id=456"},"modified":"2022-10-21T21:21:02","modified_gmt":"2022-10-21T21:21:02","slug":"teaching","status":"publish","type":"page","link":"https:\/\/sadokabdelaziz.com\/?page_id=456","title":{"rendered":"TEACHING"},"content":{"rendered":"<div class=\"archive-box\">\n<div class=\"title-bar\" style=\"text-align: center;\">CATEGORY:<\/p>\n<h1>TEACHING<\/h1>\n<\/div>\n<\/div>\n<article id=\"post-695\" class=\"post-695 post type-post status-publish format-standard hentry category-teaching\">\n<div class=\"header-standard\">\n<h2 class=\"penci-entry-title entry-title entry-title\" style=\"text-align: center;\">LECTURE MANUALS<\/h2>\n<div class=\"penci-meta-author author-post byline\" style=\"text-align: center;\"><span class=\"author vcard\">written by\u00a0Mr.Sadok<\/span><\/div>\n<\/div>\n<div class=\"standard-content\">\n<div class=\"standard-main-content entry-content\">\n<div class=\"post-entry standard-post-entry classic-post-entry blockquote-style-1\">\n<ul>\n<li>Transport de sediments<\/li>\n<li>Mod\u00e9lisation num\u00e9rique en Hydraulique<\/li>\n<li>Erosion Hydrique et envasement des barrages<\/li>\n<li>Affouillements des ponts et petits ouvrages hydrauliques<\/li>\n<li>Techniques d\u2019am\u00e9nagement des cours d\u2019eau<\/li>\n<li>Syst\u00e8mes de mesure en Hydraulique<\/li>\n<li>Barrages hydrauliques<\/li>\n<\/ul>\n<\/div>\n<\/div>\n<div class=\"penci-post-box-meta\"><\/div>\n<\/div>\n<\/article>\n<article id=\"post-690\" class=\"post-690 post type-post status-publish format-standard hentry category-teaching\">\n<div class=\"header-standard\">\n<div class=\"penci-standard-cat\" style=\"text-align: center;\"><span class=\"cat\">TEACHING<\/span><\/div>\n<h2 class=\"penci-entry-title entry-title entry-title\" style=\"text-align: center;\">STUDENT\u2019S SUPERVISION<\/h2>\n<div class=\"penci-meta-author author-post byline\" style=\"text-align: center;\"><span class=\"author vcard\">written by\u00a0Mr.Sadok<\/span><\/div>\n<\/div>\n<div class=\"standard-content\">\n<div class=\"standard-main-content entry-content\">\n<div class=\"post-entry standard-post-entry classic-post-entry blockquote-style-1\">\n<ul>\n<li><strong>Bachelor<\/strong>\n<ul>\n<li>Evaluation du taux des mati\u00e8res en suspension au niveau de certaines stations de l\u2019oued Sebou : prise de F\u00e8s, essai de mod\u00e9lisation.<\/li>\n<li>Etude du mod\u00e8le hydrologique HEC-1 calage, analyse de sensibilit\u00e9 Mod\u00e9lisation pseudo- dimensionnelle.<\/li>\n<\/ul>\n<ul>\n<li>Impact des am\u00e9nagements amont sur les apports du lac Tunis, application de SWMM.<\/li>\n<\/ul>\n<ul>\n<li>Etude d\u2019une station d\u2019\u00e9puration.<\/li>\n<\/ul>\n<ul>\n<li>Envasement et d\u00e9vasement des barrages : Etat des lieux.<\/li>\n<\/ul>\n<ul>\n<li>Mod\u00e9lisation num\u00e9rique des ondes de rupture d\u2019un barrage et son influence sur un ouvrage de g\u00e9nie civil.<\/li>\n<\/ul>\n<ul>\n<li>Elaboration d\u2019un guide d\u2019assainissement et de drainage routier et auto routier.<\/li>\n<\/ul>\n<ul>\n<li>Etude d\u2019AEP du centre de Zagoura et des douars avoisinants (province de Ouarzazate).<\/li>\n<\/ul>\n<ul>\n<li>Pr\u00e9vision des crues dans le bas Sebou.<\/li>\n<\/ul>\n<ul>\n<li>Elaboration d\u2019un logiciel d\u2019optimisation technico-\u00e9conomique des projets d\u2019Alimentation en eau potable.<\/li>\n<\/ul>\n<ul>\n<li>Etude des affouillements des ouvrages de franchissement, \u00e9laboration d\u2019un code de calcul (SCOUR).<\/li>\n<\/ul>\n<ul>\n<li>Conception des petits ouvrages hydrauliques de franchissement : \u00e9laboration d\u2019un logiciel.<\/li>\n<li>Etude de stabilit\u00e9 d\u2019un barrage en remblai<\/li>\n<li>Etude des apports solides g\u00e9n\u00e9r\u00e9s par la houle, la mar\u00e9e et les courants au voisinage d\u2019une cote: elaboration d\u2019un code de calcul en Visual. Analyse de la gestion par le priv\u00e9 de la d\u00e9charge de M\u00e9diouna.<\/li>\n<\/ul>\n<ul>\n<li>Prototype d\u2019un syst\u00e8me de mesure des apports solides d\u2019un cours d\u2019eau.<\/li>\n<\/ul>\n<ul>\n<li>Mod\u00e9lisation num\u00e9rique des ondes de rupture d\u2019un barrage et son influence sur un ouvrage de g\u00e9nie civil.<\/li>\n<\/ul>\n<ul>\n<li>Protection de la ville de Mohammedia contre les inondations.<\/li>\n<\/ul>\n<ul>\n<li>Am\u00e9lioration d\u2019une base de donn\u00e9es sur l\u2019AEP en milieu rural : \u00e9laboration d\u2019un code en Excel sous Visual.<\/li>\n<\/ul>\n<ul>\n<li>Contribution \u00e0 l\u2019alimentation en eau potable rurale de la province de Boulemane.<\/li>\n<\/ul>\n<ul>\n<li>Tarage s\u00e9dimentologiste en milieu fluvial : application informatique en VB.<\/li>\n<\/ul>\n<ul>\n<li>Elaboration d\u2019une interface sur CAO et base de donn\u00e9es pour la conception d\u2019un r\u00e9seau de distribution d\u2019eau potable.<\/li>\n<\/ul>\n<ul>\n<li>Analyse Statistique de l\u2019ordonnancement des travaux d\u2019Assainissement \u00e0 Casablanca, pour am\u00e9liorer le rendement.<\/li>\n<\/ul>\n<ul>\n<li>Elaboration d\u2019un logiciel de drainage longitudinal des routes.<\/li>\n<\/ul>\n<ul>\n<li>Elaboration d\u2019un guide et d\u2019un logiciel de calcul des affouillements au niveau des ouvrages de franchissement.<\/li>\n<\/ul>\n<ul>\n<li>Contribution \u00e0 l\u2019\u00e9tude du sch\u00e9ma directeur d\u2019eau Potable de Sefrou.<\/li>\n<\/ul>\n<ul>\n<li>Elaboration d\u2019un logiciel d\u2019aide au choix et \u00e0 la conception d\u2019un \u00e9vacuateur de crues (DICHEC).<\/li>\n<\/ul>\n<ul>\n<li>Simulation num\u00e9rique d\u2019un r\u00e9seau de drainage urbain : am\u00e9lioration d\u2019ILLUDAS Calage du mod\u00e8le SIDRAU au niveau du sch\u00e9ma directeur d\u2019assainissement de Rabat \u2013sal\u00e9.<\/li>\n<\/ul>\n<ul>\n<li>Elaboration d\u2019un logiciel de conception des barrages collinaires.<\/li>\n<\/ul>\n<ul>\n<li>Mod\u00e9lisation num\u00e9rique de l\u2019\u00e9volution d\u2019un lit fluvial : application \u00e0 l\u2019envasement du barrage Mohammed V.<\/li>\n<\/ul>\n<ul>\n<li>Intelligence artificielle et auscultation des barrages.<\/li>\n<\/ul>\n<ul>\n<li>Etude des nouvelles consignes de gestion du barrage Sidi Driss.<\/li>\n<\/ul>\n<ul>\n<li>Transport solide et \u00e9tude pr\u00e9liminaire du barrage Sidi Mohammed ben Abdelkrim Al Khattabi.<\/li>\n<\/ul>\n<ul>\n<li>Mod\u00e9lisation math\u00e9matique bidimensionnelle de la diffusion de polluants dans un \u00e9coulement \u00e0 surface libre.<\/li>\n<\/ul>\n<ul>\n<li>Prototype de syst\u00e8me expert pour l\u2019\u00e9tude des barrages.<\/li>\n<\/ul>\n<\/li>\n<\/ul>\n<\/div>\n<\/div>\n<div class=\"penci-post-box-meta\">\n<div class=\"penci-post-share-box\"><\/div>\n<\/div>\n<\/div>\n<\/article>\n<article id=\"post-686\" class=\"post-686 post type-post status-publish format-standard hentry category-teaching\">\n<div class=\"header-standard\">\n<div class=\"penci-standard-cat\" style=\"text-align: center;\"><span class=\"cat\">TEACHING<\/span><\/div>\n<h2 class=\"penci-entry-title entry-title entry-title\" style=\"text-align: center;\">SHORT COURSES<\/h2>\n<div class=\"penci-meta-author author-post byline\" style=\"text-align: center;\"><span class=\"author vcard\">written by\u00a0Mr.Sadok<\/span><\/div>\n<\/div>\n<div class=\"standard-content\">\n<div class=\"standard-main-content entry-content\">\n<div class=\"post-entry standard-post-entry classic-post-entry blockquote-style-1\">\n<ul>\n<li><strong>Sediment Transport in fluvial systems<\/strong>: LPEE, Morocco<\/li>\n<li><strong>Structural Hydraulics:\u00a0<\/strong>Visiting Professor, Polytechnic School of Thi\u00e9s, Senegal<\/li>\n<\/ul>\n<ul>\n<li><strong>Sediment transport management and impact on hydraulic structures<\/strong><\/li>\n<\/ul>\n<ul>\n<li><strong>River restoring technics and environment impacts<\/strong><\/li>\n<li><strong>Impact of material extraction at the low bed and high bed:<\/strong><\/li>\n<\/ul>\n<p>EHTP for Water Ministry, Morocco<\/p>\n<ul>\n<li><strong>Hydraulic aspects in river crossings structures (culverts and bridges)Sanitation and road drainage Technics.\u00a0<\/strong>EHTP for Transport Ministry<\/li>\n<li><strong>Flood prediction and protection engineering<\/strong><\/li>\n<li><strong>Mathematical modeling of water quality: hydrodynamic and thermal aspects<\/strong><\/li>\n<li><strong>Management of sediment transport in river systems (watershed and dams):<\/strong><\/li>\n<\/ul>\n<p>EHTP for Water Ministry and FAO, Morocco<\/p>\n<ul>\n<li><strong>HEC-RAS: Open channel hydraulics and sedimentation modeling:\u00a0<\/strong>EMI, Morocco<\/li>\n<li><strong>Silting dams\u00a0<\/strong>Visiting Professor, Laval University, Canada<\/li>\n<\/ul>\n<\/div>\n<\/div>\n<div class=\"penci-post-box-meta\">\n<div class=\"penci-post-share-box\"><\/div>\n<\/div>\n<\/div>\n<\/article>\n<article id=\"post-682\" class=\"post-682 post type-post status-publish format-standard hentry category-teaching\">\n<div class=\"header-standard\">\n<div class=\"penci-standard-cat\" style=\"text-align: center;\"><span class=\"cat\">TEACHING<\/span><\/div>\n<h2 class=\"penci-entry-title entry-title entry-title\" style=\"text-align: center;\">COURSES<\/h2>\n<div class=\"penci-meta-author author-post byline\" style=\"text-align: center;\"><span class=\"author vcard\">written by\u00a0Mr.Sadok<\/span><\/div>\n<\/div>\n<div class=\"standard-content\">\n<div class=\"standard-main-content entry-content\">\n<div class=\"post-entry standard-post-entry classic-post-entry blockquote-style-1\">\n<div class=\"wp-block-group\">\n<div class=\"wp-block-group__inner-container\">\n<ul>\n<li><strong>Sediment Transport, Fluvial Hydraulics<\/strong><\/li>\n<\/ul>\n<\/div>\n<\/div>\n<p>Med V University, Ecole Mohammedia des Ing\u00e9nieurs, Morocco<\/p>\n<ul>\n<li><strong>Dam Engineering, Applied Hydraulics, Maritime Hydraulics, Coastal Sediment Transport, Hydraulics numerical modeling, Hydraulic Measurement<\/strong><\/li>\n<\/ul>\n<p>Ecole Hassania des Travaux Publics (EHTP), Morocco<\/p>\n<ul>\n<li><strong>Fluid Mechanics<\/strong><\/li>\n<\/ul>\n<p>Ecole Sup\u00e9rieure d\u2019Ing\u00e9nieurs de Textile et d\u2019Habillement (ESITH), and Institut Polytechnique Priv\u00e9 de Casablanca (IPPC), Morocco<\/p>\n<ul>\n<li><strong>Applied Hydraulics, Fluid Mechanics, Fire Hydraulics, Design methodology, Communication and Engineering projects<\/strong><\/li>\n<\/ul>\n<p>Montreal University, Polytechnic School of Engineering, Canad<\/p><\/div>\n<\/div>\n<\/div>\n<\/article>\n","protected":false},"excerpt":{"rendered":"<p>CATEGORY: TEACHING LECTURE MANUALS written by\u00a0Mr.Sadok Transport de sediments Mod\u00e9lisation num\u00e9rique en Hydraulique Erosion Hydrique et envasement des barrages Affouillements des ponts et petits ouvrages hydrauliques Techniques d\u2019am\u00e9nagement des cours&hellip;<\/p>\n","protected":false},"author":1,"featured_media":0,"parent":0,"menu_order":0,"comment_status":"closed","ping_status":"closed","template":"","meta":{"footnotes":""},"class_list":["post-456","page","type-page","status-publish","hentry"],"_links":{"self":[{"href":"https:\/\/sadokabdelaziz.com\/index.php?rest_route=\/wp\/v2\/pages\/456","targetHints":{"allow":["GET"]}}],"collection":[{"href":"https:\/\/sadokabdelaziz.com\/index.php?rest_route=\/wp\/v2\/pages"}],"about":[{"href":"https:\/\/sadokabdelaziz.com\/index.php?rest_route=\/wp\/v2\/types\/page"}],"author":[{"embeddable":true,"href":"https:\/\/sadokabdelaziz.com\/index.php?rest_route=\/wp\/v2\/users\/1"}],"replies":[{"embeddable":true,"href":"https:\/\/sadokabdelaziz.com\/index.php?rest_route=%2Fwp%2Fv2%2Fcomments&post=456"}],"version-history":[{"count":1,"href":"https:\/\/sadokabdelaziz.com\/index.php?rest_route=\/wp\/v2\/pages\/456\/revisions"}],"predecessor-version":[{"id":457,"href":"https:\/\/sadokabdelaziz.com\/index.php?rest_route=\/wp\/v2\/pages\/456\/revisions\/457"}],"wp:attachment":[{"href":"https:\/\/sadokabdelaziz.com\/index.php?rest_route=%2Fwp%2Fv2%2Fmedia&parent=456"}],"curies":[{"name":"wp","href":"https:\/\/api.w.org\/{rel}","templated":true}]}}