{"id":462,"date":"2022-10-21T21:24:53","date_gmt":"2022-10-21T21:24:53","guid":{"rendered":"https:\/\/sadokabdelaziz.com\/?page_id=462"},"modified":"2022-10-21T22:19:25","modified_gmt":"2022-10-21T22:19:25","slug":"students-supervision","status":"publish","type":"page","link":"https:\/\/sadokabdelaziz.com\/?page_id=462","title":{"rendered":"Student\u2019s supervision"},"content":{"rendered":"<ul>\n<li><strong>Bachelor<\/strong>\n<ul>\n<li>Evaluation du taux des mati\u00e8res en suspension au niveau de certaines stations de l\u2019oued Sebou : prise de F\u00e8s, essai de mod\u00e9lisation.<\/li>\n<li>Etude du mod\u00e8le hydrologique HEC-1 calage, analyse de sensibilit\u00e9 Mod\u00e9lisation pseudo- dimensionnelle.<\/li>\n<\/ul>\n<ul>\n<li>Impact des am\u00e9nagements amont sur les apports du lac Tunis, application de SWMM.<\/li>\n<\/ul>\n<ul>\n<li>Etude d\u2019une station d\u2019\u00e9puration.<\/li>\n<\/ul>\n<ul>\n<li>Envasement et d\u00e9vasement des barrages : Etat des lieux.<\/li>\n<\/ul>\n<ul>\n<li>Mod\u00e9lisation num\u00e9rique des ondes de rupture d\u2019un barrage et son influence sur un ouvrage de g\u00e9nie civil.<\/li>\n<\/ul>\n<ul>\n<li>Elaboration d\u2019un guide d\u2019assainissement et de drainage routier et auto routier.<\/li>\n<\/ul>\n<ul>\n<li>Etude d\u2019AEP du centre de Zagoura et des douars avoisinants (province de Ouarzazate).<\/li>\n<\/ul>\n<ul>\n<li>Pr\u00e9vision des crues dans le bas Sebou.<\/li>\n<\/ul>\n<ul>\n<li>Elaboration d\u2019un logiciel d\u2019optimisation technico-\u00e9conomique des projets d\u2019Alimentation en eau potable.<\/li>\n<\/ul>\n<ul>\n<li>Etude des affouillements des ouvrages de franchissement, \u00e9laboration d\u2019un code de calcul (SCOUR).<\/li>\n<\/ul>\n<ul>\n<li>Conception des petits ouvrages hydrauliques de franchissement : \u00e9laboration d\u2019un logiciel.<\/li>\n<li>Etude de stabilit\u00e9 d\u2019un barrage en remblai<\/li>\n<li>Etude des apports solides g\u00e9n\u00e9r\u00e9s par la houle, la mar\u00e9e et les courants au voisinage d\u2019une cote: elaboration d\u2019un code de calcul en Visual. Analyse de la gestion par le priv\u00e9 de la d\u00e9charge de M\u00e9diouna.<\/li>\n<\/ul>\n<ul>\n<li>Prototype d\u2019un syst\u00e8me de mesure des apports solides d\u2019un cours d\u2019eau.<\/li>\n<\/ul>\n<ul>\n<li>Mod\u00e9lisation num\u00e9rique des ondes de rupture d\u2019un barrage et son influence sur un ouvrage de g\u00e9nie civil.<\/li>\n<\/ul>\n<ul>\n<li>Protection de la ville de Mohammedia contre les inondations.<\/li>\n<\/ul>\n<ul>\n<li>Am\u00e9lioration d\u2019une base de donn\u00e9es sur l\u2019AEP en milieu rural : \u00e9laboration d\u2019un code en Excel sous Visual.<\/li>\n<\/ul>\n<ul>\n<li>Contribution \u00e0 l\u2019alimentation en eau potable rurale de la province de Boulemane.<\/li>\n<\/ul>\n<ul>\n<li>Tarage s\u00e9dimentologiste en milieu fluvial : application informatique en VB.<\/li>\n<\/ul>\n<ul>\n<li>Elaboration d\u2019une interface sur CAO et base de donn\u00e9es pour la conception d\u2019un r\u00e9seau de distribution d\u2019eau potable.<\/li>\n<\/ul>\n<ul>\n<li>Analyse Statistique de l\u2019ordonnancement des travaux d\u2019Assainissement \u00e0 Casablanca, pour am\u00e9liorer le rendement.<\/li>\n<\/ul>\n<ul>\n<li>Elaboration d\u2019un logiciel de drainage longitudinal des routes.<\/li>\n<\/ul>\n<ul>\n<li>Elaboration d\u2019un guide et d\u2019un logiciel de calcul des affouillements au niveau des ouvrages de franchissement.<\/li>\n<\/ul>\n<ul>\n<li>Contribution \u00e0 l\u2019\u00e9tude du sch\u00e9ma directeur d\u2019eau Potable de Sefrou.<\/li>\n<\/ul>\n<ul>\n<li>Elaboration d\u2019un logiciel d\u2019aide au choix et \u00e0 la conception d\u2019un \u00e9vacuateur de crues (DICHEC).<\/li>\n<\/ul>\n<ul>\n<li>Simulation num\u00e9rique d\u2019un r\u00e9seau de drainage urbain : am\u00e9lioration d\u2019ILLUDAS Calage du mod\u00e8le SIDRAU au niveau du sch\u00e9ma directeur d\u2019assainissement de Rabat \u2013sal\u00e9.<\/li>\n<\/ul>\n<ul>\n<li>Elaboration d\u2019un logiciel de conception des barrages collinaires.<\/li>\n<\/ul>\n<ul>\n<li>Mod\u00e9lisation num\u00e9rique de l\u2019\u00e9volution d\u2019un lit fluvial : application \u00e0 l\u2019envasement du barrage Mohammed V.<\/li>\n<\/ul>\n<ul>\n<li>Intelligence artificielle et auscultation des barrages.<\/li>\n<\/ul>\n<ul>\n<li>Etude des nouvelles consignes de gestion du barrage Sidi Driss.<\/li>\n<\/ul>\n<ul>\n<li>Transport solide et \u00e9tude pr\u00e9liminaire du barrage Sidi Mohammed ben Abdelkrim Al Khattabi.<\/li>\n<\/ul>\n<ul>\n<li>Mod\u00e9lisation math\u00e9matique bidimensionnelle de la diffusion de polluants dans un \u00e9coulement \u00e0 surface libre.<\/li>\n<\/ul>\n<ul>\n<li>Prototype de syst\u00e8me expert pour l\u2019\u00e9tude des barrages.<\/li>\n<\/ul>\n<\/li>\n<\/ul>\n","protected":false},"excerpt":{"rendered":"<p>Bachelor Evaluation du taux des mati\u00e8res en suspension au niveau de certaines stations de l\u2019oued Sebou : prise de F\u00e8s, essai de mod\u00e9lisation. Etude du mod\u00e8le hydrologique HEC-1 calage, analyse&hellip;<\/p>\n","protected":false},"author":1,"featured_media":0,"parent":0,"menu_order":0,"comment_status":"closed","ping_status":"closed","template":"","meta":{"footnotes":""},"class_list":["post-462","page","type-page","status-publish","hentry"],"_links":{"self":[{"href":"https:\/\/sadokabdelaziz.com\/index.php?rest_route=\/wp\/v2\/pages\/462","targetHints":{"allow":["GET"]}}],"collection":[{"href":"https:\/\/sadokabdelaziz.com\/index.php?rest_route=\/wp\/v2\/pages"}],"about":[{"href":"https:\/\/sadokabdelaziz.com\/index.php?rest_route=\/wp\/v2\/types\/page"}],"author":[{"embeddable":true,"href":"https:\/\/sadokabdelaziz.com\/index.php?rest_route=\/wp\/v2\/users\/1"}],"replies":[{"embeddable":true,"href":"https:\/\/sadokabdelaziz.com\/index.php?rest_route=%2Fwp%2Fv2%2Fcomments&post=462"}],"version-history":[{"count":2,"href":"https:\/\/sadokabdelaziz.com\/index.php?rest_route=\/wp\/v2\/pages\/462\/revisions"}],"predecessor-version":[{"id":517,"href":"https:\/\/sadokabdelaziz.com\/index.php?rest_route=\/wp\/v2\/pages\/462\/revisions\/517"}],"wp:attachment":[{"href":"https:\/\/sadokabdelaziz.com\/index.php?rest_route=%2Fwp%2Fv2%2Fmedia&parent=462"}],"curies":[{"name":"wp","href":"https:\/\/api.w.org\/{rel}","templated":true}]}}