{"id":480,"date":"2022-10-21T21:43:57","date_gmt":"2022-10-21T21:43:57","guid":{"rendered":"https:\/\/sadokabdelaziz.com\/?page_id=480"},"modified":"2022-10-21T21:43:57","modified_gmt":"2022-10-21T21:43:57","slug":"stundents-supervision","status":"publish","type":"page","link":"https:\/\/sadokabdelaziz.com\/?page_id=480","title":{"rendered":"Stundent\u2019s Supervision"},"content":{"rendered":"<ul>\n<li><strong>Master and PhD<\/strong>\n<ul>\n<li>Etude de faisabilit\u00e9 d\u2019une mod\u00e9lisation bidimensionnelle verticale de l\u2019hydrodynamique de la retenue d\u2019un barrage r\u00e9servoir.<\/li>\n<li>Transport de saltation des particules solides en milieu fluvial.<\/li>\n<\/ul>\n<ul>\n<li>Mod\u00e9lisation pseudo-bidimensionnelle bas\u00e9e sur la th\u00e9orie du jet de l\u2019hydrodynamique d\u2019un lac r\u00e9servoir.<\/li>\n<\/ul>\n<ul>\n<li>Analyse comparative des mod\u00e8les num\u00e9riques bidimensionnels sur fond mobile d\u2019une rivi\u00e8re.<\/li>\n<\/ul>\n<ul>\n<li>Analyse num\u00e9rique des lois de chargement d\u00e9chargement du lit d\u2019un cours d\u2019eau<\/li>\n<\/ul>\n<ul>\n<li>Elaboration d\u2019un logiciel d\u2019aide au choix de mod\u00e8les s\u00e9dimentologies<\/li>\n<\/ul>\n<ul>\n<li>Mod\u00e9lisation num\u00e9rique bidimensionnelle du transport et du d\u00e9p\u00f4t de s\u00e9diments dans un \u00e9coulement \u00e0 surface libre.<\/li>\n<\/ul>\n<\/li>\n<\/ul>\n","protected":false},"excerpt":{"rendered":"<p>Master and PhD Etude de faisabilit\u00e9 d\u2019une mod\u00e9lisation bidimensionnelle verticale de l\u2019hydrodynamique de la retenue d\u2019un barrage r\u00e9servoir. Transport de saltation des particules solides en milieu fluvial. Mod\u00e9lisation pseudo-bidimensionnelle bas\u00e9e&hellip;<\/p>\n","protected":false},"author":1,"featured_media":0,"parent":0,"menu_order":0,"comment_status":"closed","ping_status":"closed","template":"","meta":{"footnotes":""},"class_list":["post-480","page","type-page","status-publish","hentry"],"_links":{"self":[{"href":"https:\/\/sadokabdelaziz.com\/index.php?rest_route=\/wp\/v2\/pages\/480","targetHints":{"allow":["GET"]}}],"collection":[{"href":"https:\/\/sadokabdelaziz.com\/index.php?rest_route=\/wp\/v2\/pages"}],"about":[{"href":"https:\/\/sadokabdelaziz.com\/index.php?rest_route=\/wp\/v2\/types\/page"}],"author":[{"embeddable":true,"href":"https:\/\/sadokabdelaziz.com\/index.php?rest_route=\/wp\/v2\/users\/1"}],"replies":[{"embeddable":true,"href":"https:\/\/sadokabdelaziz.com\/index.php?rest_route=%2Fwp%2Fv2%2Fcomments&post=480"}],"version-history":[{"count":1,"href":"https:\/\/sadokabdelaziz.com\/index.php?rest_route=\/wp\/v2\/pages\/480\/revisions"}],"predecessor-version":[{"id":481,"href":"https:\/\/sadokabdelaziz.com\/index.php?rest_route=\/wp\/v2\/pages\/480\/revisions\/481"}],"wp:attachment":[{"href":"https:\/\/sadokabdelaziz.com\/index.php?rest_route=%2Fwp%2Fv2%2Fmedia&parent=480"}],"curies":[{"name":"wp","href":"https:\/\/api.w.org\/{rel}","templated":true}]}}