{"id":486,"date":"2022-10-21T21:50:33","date_gmt":"2022-10-21T21:50:33","guid":{"rendered":"https:\/\/sadokabdelaziz.com\/?page_id=486"},"modified":"2022-10-21T21:50:33","modified_gmt":"2022-10-21T21:50:33","slug":"research-reports","status":"publish","type":"page","link":"https:\/\/sadokabdelaziz.com\/?page_id=486","title":{"rendered":"Research reports"},"content":{"rendered":"<ul>\n<li>A. SADOK et C. MARCHE : \u00ab Etude Comparative de trois mod\u00e8les s\u00e9dimentolgiques pour introduction dans le progiciel HE \u00bb Projet CASTOR \u2013Ecole Polytechnique de Montr\u00e9al, Rapport CHE \u2013 14 \u2013 Juin 1987 .<\/li>\n<\/ul>\n<ul>\n<li>A. SADOK et S. MOWGLI : \u00ab Manuel d\u2019utilisation du mod\u00e8le HDF (Hydrodynamique par Diff\u00e9rences Finies) \u00bb LPEE 1990 .<\/li>\n<li>A. SADOK et S. MOWGLI : \u00ab Manuel d\u2019utilisation du mod\u00e8le HEF (Hydrodynamique par El\u00e9ments Finis) \u00bb, Rapport interne L.P.E.E. \u2013 1990 .<\/li>\n<li>A. SADOK et S. MOWGLI \u00ab Manuel d\u2019utilisation du mod\u00e8le MOBED \u00bb\u00a0\u00a0\u00a0\u00a0\u00a0\u00a0\u00a0\u00a0\u00a0 LPEE, Ao\u00fbt 1991 .<\/li>\n<li>A. SADOK et MOWGLI \u00ab Manuel d\u2019utilisation du mod\u00e8le IALLUVIAL (fond alluvial avec tri granulom\u00e9trique) \u00bb Oct. 1991 .<\/li>\n<li>A. SADOK \u00ab Recherche bibliographique sur les aspects hydrauliques au niveau des prises d\u2019AEP \u00bb Rapport interne LPEE 1991 .<\/li>\n<li>A. SADOK, S. MOWGLI : \u201cManuel d\u2019utilisation du mod\u00e8le HDFDISP (Hydrodynamique par diff\u00e9rences finies et dispersion de polluants). \u00bb LPEE Rapport Interne Avril 1992.<\/li>\n<li>A. SADOK, S. MOWGLI : \u201cApplication des logiciels HDF et HDFDISP dans l\u2019\u00e9tude de la circulation d\u2019eau et la dispersion de polluants au port de Martil\u201d LPEE \u2013 Juin 1992 .<\/li>\n<li>A. SADOK, S. MOWGLI : \u201cEtude Hydrodynamique de la circulation d\u2019eau au port de Martil par \u00e9l\u00e9ments finis\u201d LPEE \u2013 Mai 1992 .<\/li>\n<li>A. SADOK, S. MOWGLI \u00ab Mod\u00e9lisation num\u00e9rique bidimensionnelle de la diffusion d\u2019un rejet polluant dans un \u00e9coulement \u00e0 surface libre : Pr\u00e9sentation du code HDFDISP\u00bb RMGC N\u00b042 \/1992.<\/li>\n<li>A. SADOK, A. KAMAL, A. HARTI \u00ab Stabilit\u00e9 hydraulique et Estimation des fuites : canal Bouma\u00eez\u00bb ORMVAG\/LPEE . Rapport d\u00e9finitif 1992.<\/li>\n<\/ul>\n<ul>\n<li>A. SADOK, S. MOWGLI : \u201cManuel d\u2019utilisation du mod\u00e8le HEFDISP (Hydrodynamique par El\u00e9ments finis et dispersion de polluants \u00bb). LPEE Rapport Interne 1993.<\/li>\n<li>A. SADOK, A. KAMAL : \u201cNouvelle M\u00e9thodologie pour le calcul de la capacit\u00e9 de transport de s\u00e9diments dans un \u00e9coulement fluvial\u201d .<\/li>\n<li>S\u00e9minaire National Eau -Environnement \u2013 LPEE, F\u00e9v. 1993 .<\/li>\n<li>A. SADOK, A. YACOUBI, A. CHIKRI \u201cAnalyse de sensibilit\u00e9 du package hydrologique, HEC-1 \u00bb Rapport interne LPEE 1993 .<\/li>\n<li>A. SADOK, S. MOWGLI, A. KAMAL : \u201d Manuel d\u00b4utilisation du mod\u00e8le CONCANT (Conception des canaux en terre \u00bb), LPEE \u2013 Rapport Interne Octobre 1993 .<\/li>\n<li>A. SADOK, A. KAMAL \u00ab Analyse de l\u2019envasement par un mod\u00e8le pseudo -bidimensionnel\u00a0 bas\u00e9e\u00a0 sur la th\u00e9orie du jet \u00bb Rapport interne LPEE 1994 .<\/li>\n<li>A. SADOK, et col. (1994) \u00ab Probl\u00e9matique de l\u2019\u00e9rosion hydrique et envasement des barrages (140 pages) \u00bb Rapport de Recherche, (LPEE), M\u00e9thodologie d\u2019approche (30 pages), Rapport de Recherche, LPEE .<\/li>\n<li>A. SADOK, A. KAMAL et col. (1995) \u00ab Etude comparative de quelques mod\u00e8les sedimentologiques pour introduction dans LITMO \u00bb, Rapport de Recherche (LPEE) .<\/li>\n<li>A. SADOK, et A. KAMAL \u00ab Mod\u00e8les d\u2019estimation de l\u2019\u00e9rosion des bassins versants : \u00e9tude comparative \u00bb Rapport interne LPEE 1995 .<\/li>\n<li>A. SADOK, et A. KAMAL \u00ab Mod\u00e8les math\u00e9matiques pour les prises d\u2019eau potable : Aspect s\u00e9dimentologique \u00bb: Rapports internes LPEE\/ONEP 1993, 1994, 1995 : Rapports techniques des Mission I, II, et III\u00bb .<\/li>\n<li>A. SADOK, A. KAMAL \u00ab Synth\u00e8se bibliographique des mod\u00e8les existants pour la simulation des \u00e9coulements sur fond mobile \u00bb LPEE 1995- Rapport Interne .<\/li>\n<li>A. SADOK \u00ab Etudes hydrauliques de la pr\u00e9vision des affouillements \u00bb S\u00e9minaire sur le drainage des eaux, et viabilit\u00e9 des infrastructures routi\u00e8res : EHTP\/ DRCR\/LPEE Mars 1996 .<\/li>\n<\/ul>\n<ul>\n<li>A. SADOK, A. KAMAL, et M.M. CHARAFI \u00ab\u00a0 Mod\u00e8les math\u00e9matiques pour les prises d\u2019eau\u00a0 potable : Aspect s\u00e9dimentologique \u00bb : Rapport interne LPEE\/ONEP \u00ab1996 : Rapport technique de la Mission III \u00bb .<\/li>\n<li>A. SADOK, A. KAMAL et col. (1996) \u00ab Mod\u00e9lisation math\u00e9matique des processus s\u00e9dimentolgiques au niveau des prises d\u2019AEP \u00bb, Rapport de recherche, LPEE .<\/li>\n<li>A.\u00a0 SADOK,\u00a0 A.\u00a0 KAMAL et col. \u00ab Mod\u00e8le conceptuel global, d\u2019analyse s\u00e9dimentologique d\u2019un ouvrage hydraulique \u00e0 surface libre \u00bb, Rapport de Recherche, 1996 LPEE .<\/li>\n<li>A. SADOK, A. KAMAL et col. \u00ab Mod\u00e9lisation bidimensionnelle de l\u2019envasement des barrages : Application de DEP2D sur le barrage Moulay Youssef \u00bb, Rapport de Recherche, LPEE 1996 .<\/li>\n<li>A. SADOK, A. KAMAL et col. (1996) \u00ab Mod\u00e9lisation math\u00e9matique des processus s\u00e9dimentolgiques au niveau des prises d\u2019AEP \u00bb, Rapport de recherche, LPEE .<\/li>\n<li>A. SADOK, A. KAMAL \u00ab Transport solide et envasement des barrages \u00bb : synth\u00e8se rapport interne de recherche, LPEE 1997 .<\/li>\n<li>A. SADOK, A. KAMAL et col. \u00ab Synth\u00e8se bibliographique des techniques de d\u00e9vasement des barrages \u00bb : Exp\u00e9rience nationale et internationale (Rapport de Recherche, LPEE 1997 .<\/li>\n<li>A. SADOK, A. KAMAL \u00ab Syst\u00e8mes de mesure du transport solide \u00bb Rapport interne LPEE 1997 .<\/li>\n<li>A. SADOK, A. KAMAL \u00ab Analyse de l\u2019envasement par un mod\u00e8le pseudo -bidimensionnel\u00a0\u00a0\u00a0\u00a0\u00a0\u00a0\u00a0\u00a0\u00a0\u00a0 bas\u00e9e sur la th\u00e9orie du jet \u00bb Rapport interne LPEE 1997 .<\/li>\n<li>A. SADOK, A. KAMAL. Et col. \u00ab Probl\u00e9matique de l\u2019\u00e9rosion hydrique et envasement des barrages \u00ab (140 pages), Rapport de Recherche, LPEE 1997 .<\/li>\n<\/ul>\n<ul>\n<li>A.\u00a0 SADOK,\u00a0 A.\u00a0 KAMAL et col. \u00ab Mod\u00e8le conceptuel global, d\u2019analyse s\u00e9dimentologique d\u2019un ouvrage hydraulique \u00e0 surface libre \u00bb, Rapport de Recherche, 1997 LPEE .<\/li>\n<li>A. SADOK, A. KAMAL \u00ab Etude des apports solides au voisinage d\u2019une cote \u00bb: Rapport interne de recherche 1997 .<\/li>\n<li>A. SADOK, et col. \u00ab Analyse des affouillements des ponts \u00bb : rapport interne de recherche (LPEE) (1997)<\/li>\n<li>KAMAL A., A. SADOK, CHARAFI MM, FAKHREDDINE : \u00ab Mod\u00e9lisation math\u00e9matique de l\u2019impact du dragage de sable sur la dynamique s\u00e9dimentaire de l\u2019estuaire Bouregreg \u00ab Bilan de la recherche au LPEE 1997-1998 .<\/li>\n<\/ul>\n<ul>\n<li>A. SADOK, A. KAMAL. Et col. (1998) \u00ab Etude comparative de quelques mod\u00e8les s\u00e9dimentolgiques pour introduction dans LITMO \u00bb, Rapport de Recherche, LPEE .<\/li>\n<li>A. SADOK, et A. KAMAL \u00ab Mod\u00e8les math\u00e9matiques pour les prises d\u2019eau potable : Aspect s\u00e9dimentologique : Rapports internes LPEE\/ONEP 1996, 1997,1998 : Rapports techniques des Mission I, II, et III \u00bb .<\/li>\n<li>A. SADOK, A. KAMAL et col. \u00ab Mod\u00e9lisation bidimensionnelle de l\u2019envasement des barrages : Application de DEP2D sur le barrage Moulay Youssef \u00bb, Rapport de Recherche, LPEE 1998 .<\/li>\n<li>A. SADOK, A. KAMAL, M.M. CHARAFI : \u00ab Mod\u00e9lisation math\u00e9matique de l\u2019impact du dragage de sable sur la dynamique s\u00e9dimentaire de l\u2019estuaire de Bouregreg \u00bb : Bilan de la recherche du LPEE 1997-1998 .<\/li>\n<li>A. SADOK, A. KAMAL et col. : \u00ab Analyse des mod\u00e8les s\u00e9dimentolgiques existants simulant les d\u00e9p\u00f4ts dans un lac r\u00e9servoir \u00bb, Rapport de Recherche, (LPEE 1998) .<\/li>\n<li>A. SADOK, A. KAMAL et col. : \u00ab Application de SEDI \u00e0 l\u2019analyse s\u00e9dimentologique de la nouvelle prise d\u2019AEP \u00e0 partir du barrage M\u2019chraa Homadi, \u00bb Rapport technique, LPEE 1998 .<\/li>\n<\/ul>\n<ul>\n<li>M. M. CHARAFI, A. SADOK, A. KAMAL, \u00ab Elaboration du manuel d\u2019utilisation du\u00a0 code\u00a0 DEPLAC \u00bb Rapport interne, LPEE 1998 .<\/li>\n<li>A. KAMAL A. SADOK, CHARAFI MM, A. FAKHREDDINE, \u00ab Mod\u00e9lisation math\u00e9matique de l\u2019impact du dragage de sable sur la dynamique s\u00e9dimentaire de l\u2019estuaire de bouregreg \u00bb Bilan de la Recherche du LPEE, 1997-1998 .<\/li>\n<li>KAMAL A., A. SADOK, CHARAFI MM, FAKHREDDINE A. \u00ab Mod\u00e9lisation Math\u00e9matique de l\u2019impact du dragage de sable sur la dynamique s\u00e9dimentaire de l\u2019estuaire de Bouregreg \u00bb Bilan de la Recherche au LPEE, 1997-1998 .<\/li>\n<li>A. SADOK, A. KAMAL \u00ab Syst\u00e8mes de mesure du transport solide \u00bb : synth\u00e8se bibliographique \u00bb rapport interne de recherche, LPEE (1999) .<\/li>\n<li>A. SADOK, A. KAMAL et CHARAFI, \u00ab M\u00e9canismes hydro s\u00e9dimentaires des sols coh\u00e9sifs \u00bb, Rapport de recherche, CRR\/EE, LPEE 1999 .<\/li>\n<li>A. SADOK, A. KAMAL \u00ab Mod\u00e9lisation num\u00e9riques des ondes de rupture d\u2019un barrage : \u00bb Rapport interne de recherche 1999 .<\/li>\n<li>KAMAL A., A. SADOK, CHARAFI MM, FAKHREDDINE A. \u00ab Mod\u00e8les math\u00e9matiques pour les prises d\u2019eau potable \u00bb : Rapport de Recherche pour la Mission IV LPEE\/ONEP 1999 .<\/li>\n<li>A.\u00a0 SADOK,\u00a0 KAMAL\u00a0 A.,\u00a0 CHARAFI\u00a0 MM\u00a0 \u00ab Transports\u00a0 de\u00a0 s\u00e9diments\u00a0 dans\u00a0\u00a0 les\u00a0\u00a0 milieux coh\u00e9sifs \u00bb Rapport de Recherche CRR E\/E (LPEE 2000) .<\/li>\n<li>A. SADOK, et col . (2000) \u00ab Incidence des am\u00e9nagements hydrauliques d\u2019un cours d\u2019eau sur sa morphologie : approches quantitative et qualitative \u00ab : rapport interne de recherche, LPEE.<\/li>\n<\/ul>\n","protected":false},"excerpt":{"rendered":"<p>A. SADOK et C. MARCHE : \u00ab Etude Comparative de trois mod\u00e8les s\u00e9dimentolgiques pour introduction dans le progiciel HE \u00bb Projet CASTOR \u2013Ecole Polytechnique de Montr\u00e9al, Rapport CHE \u2013 14&hellip;<\/p>\n","protected":false},"author":1,"featured_media":0,"parent":0,"menu_order":0,"comment_status":"closed","ping_status":"closed","template":"","meta":{"footnotes":""},"class_list":["post-486","page","type-page","status-publish","hentry"],"_links":{"self":[{"href":"https:\/\/sadokabdelaziz.com\/index.php?rest_route=\/wp\/v2\/pages\/486","targetHints":{"allow":["GET"]}}],"collection":[{"href":"https:\/\/sadokabdelaziz.com\/index.php?rest_route=\/wp\/v2\/pages"}],"about":[{"href":"https:\/\/sadokabdelaziz.com\/index.php?rest_route=\/wp\/v2\/types\/page"}],"author":[{"embeddable":true,"href":"https:\/\/sadokabdelaziz.com\/index.php?rest_route=\/wp\/v2\/users\/1"}],"replies":[{"embeddable":true,"href":"https:\/\/sadokabdelaziz.com\/index.php?rest_route=%2Fwp%2Fv2%2Fcomments&post=486"}],"version-history":[{"count":1,"href":"https:\/\/sadokabdelaziz.com\/index.php?rest_route=\/wp\/v2\/pages\/486\/revisions"}],"predecessor-version":[{"id":487,"href":"https:\/\/sadokabdelaziz.com\/index.php?rest_route=\/wp\/v2\/pages\/486\/revisions\/487"}],"wp:attachment":[{"href":"https:\/\/sadokabdelaziz.com\/index.php?rest_route=%2Fwp%2Fv2%2Fmedia&parent=486"}],"curies":[{"name":"wp","href":"https:\/\/api.w.org\/{rel}","templated":true}]}}